{"id":2137,"date":"2024-03-07T12:47:38","date_gmt":"2024-03-07T12:47:38","guid":{"rendered":"https:\/\/gras-arquitectos.com\/proyectos\/"},"modified":"2026-02-11T14:45:36","modified_gmt":"2026-02-11T14:45:36","slug":"proyectos","status":"publish","type":"page","link":"https:\/\/gras-arquitectos.com\/es\/proyectos\/","title":{"rendered":"Proyectos"},"content":{"rendered":"","protected":false},"excerpt":{"rendered":"","protected":false},"author":4,"featured_media":0,"parent":0,"menu_order":0,"comment_status":"closed","ping_status":"closed","template":"templates\/template-flexible.php","meta":{"_acf_changed":false,"inline_featured_image":false,"footnotes":""},"class_list":["post-2137","page","type-page","status-publish","hentry"],"acf":[],"yoast_head":"<!-- This site is optimized with the Yoast SEO plugin v27.4 - https:\/\/yoast.com\/product\/yoast-seo-wordpress\/ -->\n<title>Proyectos - GRAS Reyn\u00e9s Arquitectos<\/title>\n<meta name=\"description\" content=\"Proyectos de GRAS especializados en rehabilitaci\u00f3n de viviendas, hoteles, edificios comerciales, urbanismo y dise\u00f1o de interiores\" \/>\n<meta name=\"robots\" content=\"index, follow, max-snippet:-1, max-image-preview:large, max-video-preview:-1\" \/>\n<link rel=\"canonical\" href=\"https:\/\/gras-arquitectos.com\/es\/proyectos\/\" \/>\n<meta property=\"og:locale\" content=\"es_ES\" \/>\n<meta property=\"og:type\" content=\"article\" \/>\n<meta property=\"og:title\" content=\"Proyectos - GRAS Reyn\u00e9s Arquitectos\" \/>\n<meta property=\"og:description\" content=\"Proyectos de GRAS especializados en rehabilitaci\u00f3n de viviendas, hoteles, edificios comerciales, urbanismo y dise\u00f1o de interiores\" \/>\n<meta property=\"og:url\" content=\"https:\/\/gras-arquitectos.com\/es\/proyectos\/\" \/>\n<meta property=\"og:site_name\" content=\"GRAS Reyn\u00e9s Arquitectos\" \/>\n<meta property=\"article:publisher\" content=\"https:\/\/www.facebook.com\/GRASarquitectos\" \/>\n<meta property=\"article:modified_time\" content=\"2026-02-11T14:45:36+00:00\" \/>\n<meta name=\"twitter:card\" content=\"summary_large_image\" \/>\n<meta name=\"twitter:label1\" content=\"Tiempo de lectura\" \/>\n\t<meta name=\"twitter:data1\" content=\"2 minutos\" \/>\n<script type=\"application\/ld+json\" class=\"yoast-schema-graph\">{\"@context\":\"https:\\\/\\\/schema.org\",\"@graph\":[{\"@type\":\"WebPage\",\"@id\":\"https:\\\/\\\/gras-arquitectos.com\\\/es\\\/proyectos\\\/\",\"url\":\"https:\\\/\\\/gras-arquitectos.com\\\/es\\\/proyectos\\\/\",\"name\":\"Proyectos - GRAS Reyn\u00e9s Arquitectos\",\"isPartOf\":{\"@id\":\"https:\\\/\\\/gras-arquitectos.com\\\/es\\\/#website\"},\"datePublished\":\"2024-03-07T12:47:38+00:00\",\"dateModified\":\"2026-02-11T14:45:36+00:00\",\"description\":\"Proyectos de GRAS especializados en rehabilitaci\u00f3n de viviendas, hoteles, edificios comerciales, urbanismo y dise\u00f1o de interiores\",\"breadcrumb\":{\"@id\":\"https:\\\/\\\/gras-arquitectos.com\\\/es\\\/proyectos\\\/#breadcrumb\"},\"inLanguage\":\"es\",\"potentialAction\":[{\"@type\":\"ReadAction\",\"target\":[\"https:\\\/\\\/gras-arquitectos.com\\\/es\\\/proyectos\\\/\"]}]},{\"@type\":\"BreadcrumbList\",\"@id\":\"https:\\\/\\\/gras-arquitectos.com\\\/es\\\/proyectos\\\/#breadcrumb\",\"itemListElement\":[{\"@type\":\"ListItem\",\"position\":1,\"name\":\"Home\",\"item\":\"https:\\\/\\\/gras-arquitectos.com\\\/es\\\/\"},{\"@type\":\"ListItem\",\"position\":2,\"name\":\"Proyectos\"}]},{\"@type\":\"WebSite\",\"@id\":\"https:\\\/\\\/gras-arquitectos.com\\\/es\\\/#website\",\"url\":\"https:\\\/\\\/gras-arquitectos.com\\\/es\\\/\",\"name\":\"GRAS Reyn\u00e9s Architecture Studio\",\"description\":\"Estudio de arquitectura\",\"publisher\":{\"@id\":\"https:\\\/\\\/gras-arquitectos.com\\\/es\\\/#organization\"},\"potentialAction\":[{\"@type\":\"SearchAction\",\"target\":{\"@type\":\"EntryPoint\",\"urlTemplate\":\"https:\\\/\\\/gras-arquitectos.com\\\/es\\\/?s={search_term_string}\"},\"query-input\":{\"@type\":\"PropertyValueSpecification\",\"valueRequired\":true,\"valueName\":\"search_term_string\"}}],\"inLanguage\":\"es\"},{\"@type\":\"Organization\",\"@id\":\"https:\\\/\\\/gras-arquitectos.com\\\/es\\\/#organization\",\"name\":\"GRAS Reyn\u00e9s Architecture Studio\",\"url\":\"https:\\\/\\\/gras-arquitectos.com\\\/es\\\/\",\"logo\":{\"@type\":\"ImageObject\",\"inLanguage\":\"es\",\"@id\":\"https:\\\/\\\/gras-arquitectos.com\\\/es\\\/#\\\/schema\\\/logo\\\/image\\\/\",\"url\":\"https:\\\/\\\/gras-arquitectos.com\\\/wp-content\\\/uploads\\\/2024\\\/08\\\/0-logo-gras-arquitectos-vertical-google-1.jpg\",\"contentUrl\":\"https:\\\/\\\/gras-arquitectos.com\\\/wp-content\\\/uploads\\\/2024\\\/08\\\/0-logo-gras-arquitectos-vertical-google-1.jpg\",\"width\":720,\"height\":720,\"caption\":\"GRAS Reyn\u00e9s Architecture Studio\"},\"image\":{\"@id\":\"https:\\\/\\\/gras-arquitectos.com\\\/es\\\/#\\\/schema\\\/logo\\\/image\\\/\"},\"sameAs\":[\"https:\\\/\\\/www.facebook.com\\\/GRASarquitectos\",\"https:\\\/\\\/www.instagram.com\\\/grasreynesarquitectos\",\"https:\\\/\\\/www.linkedin.com\\\/company\\\/gras-reynes-arquitectos\\\/\"]}]}<\/script>\n<!-- \/ Yoast SEO plugin. -->","yoast_head_json":{"title":"Proyectos - GRAS Reyn\u00e9s Arquitectos","description":"Proyectos de GRAS especializados en rehabilitaci\u00f3n de viviendas, hoteles, edificios comerciales, urbanismo y dise\u00f1o de interiores","robots":{"index":"index","follow":"follow","max-snippet":"max-snippet:-1","max-image-preview":"max-image-preview:large","max-video-preview":"max-video-preview:-1"},"canonical":"https:\/\/gras-arquitectos.com\/es\/proyectos\/","og_locale":"es_ES","og_type":"article","og_title":"Proyectos - GRAS Reyn\u00e9s Arquitectos","og_description":"Proyectos de GRAS especializados en rehabilitaci\u00f3n de viviendas, hoteles, edificios comerciales, urbanismo y dise\u00f1o de interiores","og_url":"https:\/\/gras-arquitectos.com\/es\/proyectos\/","og_site_name":"GRAS Reyn\u00e9s Arquitectos","article_publisher":"https:\/\/www.facebook.com\/GRASarquitectos","article_modified_time":"2026-02-11T14:45:36+00:00","twitter_card":"summary_large_image","twitter_misc":{"Tiempo de lectura":"2 minutos"},"schema":{"@context":"https:\/\/schema.org","@graph":[{"@type":"WebPage","@id":"https:\/\/gras-arquitectos.com\/es\/proyectos\/","url":"https:\/\/gras-arquitectos.com\/es\/proyectos\/","name":"Proyectos - GRAS Reyn\u00e9s Arquitectos","isPartOf":{"@id":"https:\/\/gras-arquitectos.com\/es\/#website"},"datePublished":"2024-03-07T12:47:38+00:00","dateModified":"2026-02-11T14:45:36+00:00","description":"Proyectos de GRAS especializados en rehabilitaci\u00f3n de viviendas, hoteles, edificios comerciales, urbanismo y dise\u00f1o de interiores","breadcrumb":{"@id":"https:\/\/gras-arquitectos.com\/es\/proyectos\/#breadcrumb"},"inLanguage":"es","potentialAction":[{"@type":"ReadAction","target":["https:\/\/gras-arquitectos.com\/es\/proyectos\/"]}]},{"@type":"BreadcrumbList","@id":"https:\/\/gras-arquitectos.com\/es\/proyectos\/#breadcrumb","itemListElement":[{"@type":"ListItem","position":1,"name":"Home","item":"https:\/\/gras-arquitectos.com\/es\/"},{"@type":"ListItem","position":2,"name":"Proyectos"}]},{"@type":"WebSite","@id":"https:\/\/gras-arquitectos.com\/es\/#website","url":"https:\/\/gras-arquitectos.com\/es\/","name":"GRAS Reyn\u00e9s Architecture Studio","description":"Estudio de arquitectura","publisher":{"@id":"https:\/\/gras-arquitectos.com\/es\/#organization"},"potentialAction":[{"@type":"SearchAction","target":{"@type":"EntryPoint","urlTemplate":"https:\/\/gras-arquitectos.com\/es\/?s={search_term_string}"},"query-input":{"@type":"PropertyValueSpecification","valueRequired":true,"valueName":"search_term_string"}}],"inLanguage":"es"},{"@type":"Organization","@id":"https:\/\/gras-arquitectos.com\/es\/#organization","name":"GRAS Reyn\u00e9s Architecture Studio","url":"https:\/\/gras-arquitectos.com\/es\/","logo":{"@type":"ImageObject","inLanguage":"es","@id":"https:\/\/gras-arquitectos.com\/es\/#\/schema\/logo\/image\/","url":"https:\/\/gras-arquitectos.com\/wp-content\/uploads\/2024\/08\/0-logo-gras-arquitectos-vertical-google-1.jpg","contentUrl":"https:\/\/gras-arquitectos.com\/wp-content\/uploads\/2024\/08\/0-logo-gras-arquitectos-vertical-google-1.jpg","width":720,"height":720,"caption":"GRAS Reyn\u00e9s Architecture Studio"},"image":{"@id":"https:\/\/gras-arquitectos.com\/es\/#\/schema\/logo\/image\/"},"sameAs":["https:\/\/www.facebook.com\/GRASarquitectos","https:\/\/www.instagram.com\/grasreynesarquitectos","https:\/\/www.linkedin.com\/company\/gras-reynes-arquitectos\/"]}]}},"_links":{"self":[{"href":"https:\/\/gras-arquitectos.com\/es\/wp-json\/wp\/v2\/pages\/2137","targetHints":{"allow":["GET"]}}],"collection":[{"href":"https:\/\/gras-arquitectos.com\/es\/wp-json\/wp\/v2\/pages"}],"about":[{"href":"https:\/\/gras-arquitectos.com\/es\/wp-json\/wp\/v2\/types\/page"}],"author":[{"embeddable":true,"href":"https:\/\/gras-arquitectos.com\/es\/wp-json\/wp\/v2\/users\/4"}],"replies":[{"embeddable":true,"href":"https:\/\/gras-arquitectos.com\/es\/wp-json\/wp\/v2\/comments?post=2137"}],"version-history":[{"count":71,"href":"https:\/\/gras-arquitectos.com\/es\/wp-json\/wp\/v2\/pages\/2137\/revisions"}],"predecessor-version":[{"id":17268,"href":"https:\/\/gras-arquitectos.com\/es\/wp-json\/wp\/v2\/pages\/2137\/revisions\/17268"}],"wp:attachment":[{"href":"https:\/\/gras-arquitectos.com\/es\/wp-json\/wp\/v2\/media?parent=2137"}],"curies":[{"name":"wp","href":"https:\/\/api.w.org\/{rel}","templated":true}]}}